{"id":3782,"date":"2020-10-12T10:12:54","date_gmt":"2020-10-12T10:18:58","guid":{"rendered":"http:\/\/cedilleparis.com\/fr\/product\/collier-de-charmes\/"},"modified":"2020-10-12T10:19:10","modified_gmt":"2020-10-12T10:19:10","slug":"collier-de-charmes","status":"publish","type":"product","link":"https:\/\/www.cedilleparis.com\/fr\/produit\/collier-de-charmes\/","title":{"rendered":"COLLIER DE CHARMES"},"content":{"rendered":"<p>COLLIER CHAINE EN OR NOIR AVEC CHARMES FEUILLE DE CH?\u00e8NE ET CHARMES FEUILLE DE RAISIN. CHARM DE TORTUE PEUT ?\u00e8TRE AJOUT?\u00eb IND?\u00ebPENDAMMENT<\/p>\n<p>18CT OR ROSE, OR NOIR<\/p>\n","protected":false},"excerpt":{"rendered":"<p>COLLIER CHAINE EN OR NOIR AVEC CHARMES FEUILLE DE CH?\u00e8NE ET CHARMES FEUILLE DE RAISIN. CHARM DE TORTUE PEUT ?\u00e8TRE AJOUT?\u00eb IND?\u00ebPENDAMMENT 18CT OR ROSE, OR NOIR<\/p>\n","protected":false},"featured_media":3033,"comment_status":"closed","ping_status":"closed","template":"","meta":{"_seopress_robots_primary_cat":"","_seopress_titles_title":"","_seopress_titles_desc":"","_seopress_robots_index":""},"_links":{"self":[{"href":"https:\/\/www.cedilleparis.com\/fr\/wp-json\/wp\/v2\/product\/3782"}],"collection":[{"href":"https:\/\/www.cedilleparis.com\/fr\/wp-json\/wp\/v2\/product"}],"about":[{"href":"https:\/\/www.cedilleparis.com\/fr\/wp-json\/wp\/v2\/types\/product"}],"replies":[{"embeddable":true,"href":"https:\/\/www.cedilleparis.com\/fr\/wp-json\/wp\/v2\/comments?post=3782"}],"wp:featuredmedia":[{"embeddable":true,"href":"https:\/\/www.cedilleparis.com\/fr\/wp-json\/wp\/v2\/media\/3033"}],"wp:attachment":[{"href":"https:\/\/www.cedilleparis.com\/fr\/wp-json\/wp\/v2\/media?parent=3782"}],"curies":[{"name":"wp","href":"https:\/\/api.w.org\/{rel}","templated":true}]}}